{"id":11,"date":"2013-06-25T15:28:02","date_gmt":"2013-06-25T13:28:02","guid":{"rendered":"http:\/\/www.sonderegger-helmut.at\/?page_id=11"},"modified":"2018-02-15T17:10:32","modified_gmt":"2018-02-15T15:10:32","slug":"kompositionen","status":"publish","type":"page","link":"http:\/\/www.sonderegger-helmut.at\/?page_id=11","title":{"rendered":"Kompositionen"},"content":{"rendered":"<p><b>Chronologische Werkliste<\/b><\/p>\n<ul>\n<li>1978 \u00a0\u00a0 \u00a0\u201eDrei kleine St\u00fccke f\u00fcr Fl\u00f6te und Fagott\u201c<\/li>\n<li>1978 \u00a0\u00a0 \u00a0\u201eFreundschaft\u201c f\u00fcr gem. Chor<\/li>\n<li>1978 \u00a0\u00a0 \u00a0\u201eTrio f\u00fcr Fl\u00f6te, Klarinette und Fagott\u201c drei S\u00e4tze\u00a0 <a href=\"http:\/\/www.sonderegger-helmut.at\/wp-content\/uploads\/2015\/02\/Trio-f\u00fcr-Fl\u00f6te-Klarinette-Fagott.mp3\">mp3<\/a><\/li>\n<li>1978\u00a0\u00a0\u00a0\u00a0 &#8222;O Heiland reiss die Himmel auf&#8220; SATB; <a href=\"http:\/\/www.sonderegger-helmut.at\/wp-content\/uploads\/2013\/06\/O-Heiland-reiss-SATB-sp.pdf\" target=\"_blank\">Partitur als Pdf<\/a><\/li>\n<li>1979 \u00a0\u00a0 \u00a0\u201eChrist ist erstanden\u201c SATB; <a href=\"http:\/\/www.sonderegger-helmut.at\/wp-content\/uploads\/2013\/06\/Christ-ist-erstanden-sp.pdf\">Partitur als Pdf<\/a><\/li>\n<li>1980 \u00a0\u00a0 \u00a0\u201eNun danket alle Gott\u201c\u00a0 Psalm f\u00fcr Orgel und gem. Chor<\/li>\n<li>1981 \u00a0\u00a0 \u00a0\u201eEin Liebeslied\u201c f\u00fcr drei gem. Stimmen (SAB)<\/li>\n<li>1982 \u00a0\u00a0 \u00a0\u201eQuintett f\u00fcr Schlaginstrumente\u201c; <a href=\"http:\/\/www.sonderegger-helmut.at\/wp-content\/uploads\/2013\/06\/Quintett-Schlaginstr-sp.pdf\">Partitur als pdf<\/a><\/li>\n<li>1982 \u00a0\u00a0 \u00a0\u201cFantasia per organo\u201d drei S\u00e4tze<\/li>\n<li>1982 \u00a0\u00a0 \u00a0\u201cTrio f\u00fcr Bratsche, Violoncello und Kontraba\u00df\u201c f\u00fcnf S\u00e4tze; Partitur als Pdf ; <a href=\"http:\/\/www.sonderegger-helmut.at\/wp-content\/uploads\/2015\/02\/Trio-Vla-Vc-Kb-Satz-1.mp3\">Satz I als mp3<\/a>; <a href=\"http:\/\/www.sonderegger-helmut.at\/wp-content\/uploads\/2015\/02\/Trio-Vla-Vc-Kb-Satz-2.mp3\" target=\"_blank\">Satz 2 als mp3<\/a> ; <a href=\"http:\/\/www.sonderegger-helmut.at\/wp-content\/uploads\/2015\/02\/Trio-Vla-Vc-Kb-Satz-3.mp3\">Satz 3 als mp3<\/a> ; <a href=\"http:\/\/www.sonderegger-helmut.at\/wp-content\/uploads\/2015\/02\/Trio-Vla-Vc-Kb-Satz-4.mp3\">Satz 4 als mp3<\/a>; <a href=\"http:\/\/www.sonderegger-helmut.at\/wp-content\/uploads\/2015\/02\/Trio-Vla-Vc-Kb-Satz-5.mp3\">Satz 5 als mp3<\/a><\/li>\n<li>1983 \u00a0\u00a0 \u00a0\u201eMesse f\u00fcr zwei Ch\u00f6re, Orgel und Orchester\u201c\u00a0 Kyrie, Gloria, Sanctus, Benedictus, Agnus Dei<\/li>\n<li>1984 \u00a0\u00a0 \u00a0\u201eSalve Maria\u201c f\u00fcr Sopran, Alt und Instrumentalensemble<\/li>\n<li>1984\u00a0\u00a0\u00a0\u00a0 \u201eO Heiland rei\u00df die Himmel auf&#8220;\u00a0 SSA\u00a0 <a href=\"http:\/\/www.sonderegger-helmut.at\/wp-content\/uploads\/2013\/06\/O-Heiland-reiss-SSA-sp.pdf\">Partitur als Pdf<\/a><\/li>\n<li>1985\/90 \u00a0 Passacaglia f\u00fcr Orgel\u00a0 <a href=\"http:\/\/www.sonderegger-helmut.at\/wp-content\/uploads\/2015\/02\/Passacaglia-Poppa.mp3\">Poppa als mp3;<\/a>\u00a0 <a href=\"http:\/\/www.sonderegger-helmut.at\/wp-content\/uploads\/2015\/02\/Passacaglia-Oberhammer.mp3\">Oberhammer als mp3<\/a><\/li>\n<li>1985 \u00a0\u00a0\u00a0 \u201eCarmen saeculare 1985\u201c f\u00fcr gem. Chor und Glocken (Auftragswerk der Stadt Bregenz); <a href=\"http:\/\/www.sonderegger-helmut.at\/wp-content\/uploads\/2013\/06\/02-Carmen-saeculare.mp3\">mp3<\/a>;\u00a0<a href=\"http:\/\/www.sonderegger-helmut.at\/wp-content\/uploads\/2018\/02\/Carmen-Saeculare-Hinweise-I-II.pdf\">Infos zur Komposition<\/a><\/li>\n<li>1985 \u00a0\u00a0\u00a0 \u201eWie Jesus gestorben und auferstanden ist\u201c Motette f\u00fcr gem. Chor; <a href=\"http:\/\/www.sonderegger-helmut.at\/wp-content\/uploads\/2013\/06\/Wie-Jesus-gestorben-sp.pdf\">Partitur als pdf<\/a><\/li>\n<li>1986 \u00a0\u00a0 \u00a0\u201eDas Perlhuhn\u201c (Chr.Morgenstern)\u00a0 f\u00fcr gem. Chor <a href=\"http:\/\/www.sonderegger-helmut.at\/wp-content\/uploads\/2013\/06\/Perlhuhn-sp.pdf\">Partitur als pdf<\/a><\/li>\n<li>1986 \u00a0\u00a0 \u00a0\u201eDas aesthetische Wiesel\u201c (Chr.Morgenstern)\u00a0 f\u00fcr gem. Chor<\/li>\n<li>1986 \u00a0\u00a0 \u00a0\u201eBesinn(g)liche Mantate\u201c f\u00fcr M\u00e4nnerchor<\/li>\n<li>1987 \u00a0\u00a0 \u00a0\u201eIgel und Agel\u201c (Chr.Morgenstern)\u00a0 f\u00fcr gleiche Stimmen oder gem. Chor; <a href=\"http:\/\/www.sonderegger-helmut.at\/wp-content\/uploads\/2013\/06\/Igel-und-Agel-neu-sp.pdf\">Partitur als Pdf<\/a><\/li>\n<li>1987 \u00a0\u00a0 \u00a0\u201eVier Bagatellen zwischen Ernst und Heiter\u201c\u00a0 f\u00fcr zwei Blechbl\u00e4serquintette;<a href=\"http:\/\/www.sonderegger-helmut.at\/wp-content\/uploads\/2013\/06\/Vier-Bagatellen-I-sp.pdf\">Partitur Satz I als pdf<\/a><a href=\"http:\/\/sonderegger-helmut.at\/wp-content\/uploads\/2011\/12\/Vier-Bagatellen-I.pdf\" target=\"_blank\">;<\/a> <a href=\"http:\/\/www.sonderegger-helmut.at\/wp-content\/uploads\/2013\/06\/Vier-Bagatellen-II-sp.pdf\">Partitur Satz II als pdf<\/a>; <a href=\"http:\/\/www.sonderegger-helmut.at\/wp-content\/uploads\/2013\/06\/Vier-Bagatellen-III-sp.pdf\">Partitur Satz III als pdf<\/a>; <a href=\"http:\/\/www.sonderegger-helmut.at\/wp-content\/uploads\/2013\/06\/Vier-Bagatellen-IV-sp.pdf\">Partitur Satz IV als pdf<\/a>;\u00a0<a href=\"http:\/\/www.sonderegger-helmut.at\/wp-content\/uploads\/2018\/02\/03-Vier-Bagatellen-I.mp3\">Satz I als mp3<\/a>; <a href=\"http:\/\/www.sonderegger-helmut.at\/wp-content\/uploads\/2018\/02\/04-Vier-Bagatellen-II.mp3\">Satz II als mp3<\/a>; <a href=\"http:\/\/www.sonderegger-helmut.at\/wp-content\/uploads\/2018\/02\/05-Vier-Bagatellen-III.mp3\">Satz III als mp3<\/a>;<\/li>\n<li>\u00a01987 \u00a0\u00a0 \u00a0\u201eBLA-SPI-SIN\u201c\u00a0\u00a0 Blasingphonietta f\u00fcr gem. Chor und Blasorchester<\/li>\n<li>1988 \u00a0\u00a0 \u00a0\u201eIntonation\u201c (K.Marti) f\u00fcr gem. Chor; <a href=\"http:\/\/www.sonderegger-helmut.at\/wp-content\/uploads\/2015\/02\/Intonation.pdf\">Partitur als pdf<\/a>;\u00a0<a href=\"http:\/\/www.sonderegger-helmut.at\/wp-content\/uploads\/2018\/02\/06-Intonation.mp3\">mp3<\/a><\/li>\n<li>1994 \u00a0\u00a0\u00a0 \u201eDa\u00df andere Zeit wird\u201c f\u00fcr Glocken, Orgel und gem. Chor<\/li>\n<li>1997 \u00a0\u00a0 \u00a0\u201eLudium f\u00fcr vier H\u00e4nde am Klavier\u201c; <a href=\"http:\/\/www.sonderegger-helmut.at\/wp-content\/uploads\/2015\/02\/07-Ludium-I.mp3\">Satz I als mp3; <\/a><a href=\"http:\/\/www.sonderegger-helmut.at\/wp-content\/uploads\/2015\/02\/08-Ludium-II.mp3\">Satz II als mp3<\/a><a href=\"http:\/\/www.sonderegger-helmut.at\/wp-content\/uploads\/2015\/02\/07-Ludium-I.mp3\">\u00a0<\/a> <a href=\"http:\/\/www.sonderegger-helmut.at\/wp-content\/uploads\/2015\/02\/09-Ludium-III.mp3\">Satz III als mp3;\u00a0<\/a> <a href=\"http:\/\/www.sonderegger-helmut.at\/wp-content\/uploads\/2015\/02\/10-Ludium-IV.mp3\">Satz IV als mp3; <\/a><a href=\"http:\/\/www.sonderegger-helmut.at\/wp-content\/uploads\/2018\/02\/Ludium-Infostext.pdf\">Infos zur Komposition<\/a><\/li>\n<li>1999 \u00a0\u00a0 \u201eH\u00f6rgedanken\u201c f\u00fcr Bariton, Harfe, Cello, Blockfl\u00f6te und Klarinette nach Texten von G.M. Rossmann; <a href=\"http:\/\/www.sonderegger-helmut.at\/wp-content\/uploads\/2013\/06\/11-H\u00f6rgedanken.mp3\">mp3<\/a>;<\/li>\n<li>2000 \u00a0\u00a0 \u201eB-A-C-H &#8211; Klang(t)r\u00e4ume 2000\u201c f\u00fcr Orgel Auftragswerk des Landes Vorarlberg zum Bach-Jahr;\u00a0 <a href=\"http:\/\/sonderegger-helmut.at\/wp-content\/uploads\/2011\/08\/B-A-C-H.pdf\" target=\"_blank\">Infos zur Komposition<\/a><\/li>\n<\/ul>\n<p>1. Satz\u00a0\u00a0 BACH; <a href=\"http:\/\/www.sonderegger-helmut.at\/wp-content\/uploads\/2013\/06\/BACH-BACH-sp1.pdf\">Partitur BACH als pdf<\/a>; <a href=\"http:\/\/www.sonderegger-helmut.at\/wp-content\/uploads\/2013\/06\/BACH.mp3\">BACH als mp3<\/a>;<br \/>\n2. Satz\u00a0\u00a0 JOHANN; <a href=\"http:\/\/www.sonderegger-helmut.at\/wp-content\/uploads\/2013\/06\/BACH-JOHANN-sp.pdf\">Partitur JOHANN als pdf<\/a>; <a href=\"http:\/\/www.sonderegger-helmut.at\/wp-content\/uploads\/2013\/06\/JOHANN.mp3\">JOHANN als mp3<\/a><br \/>\n3. Satz\u00a0\u00a0 SEBASTIAN; <a href=\"http:\/\/www.sonderegger-helmut.at\/wp-content\/uploads\/2013\/06\/BACH-SEBASTIAN-sp.pdf\">Partitur SEBASTIAN als pdf<\/a>; <a href=\"http:\/\/www.sonderegger-helmut.at\/wp-content\/uploads\/2013\/06\/SEBASTIAN.mp3\">SEBASTIAN als mp3<\/a><br \/>\n4. Satz\u00a0\u00a0 HCAB;\u00a0<a href=\"http:\/\/www.sonderegger-helmut.at\/wp-content\/uploads\/2013\/06\/BACH-HCAB-sp.pdf\">Partitur HCAB als pdf<\/a>; <a href=\"http:\/\/www.sonderegger-helmut.at\/wp-content\/uploads\/2013\/06\/HCAB.mp3\">HCAB als mp3<\/a><\/p>\n<ul>\n<li>2001\u00a0\u00a0\u00a0\u00a0 \u201cGioia\u201c f\u00fcr gem. Chor<\/li>\n<li>2003\u00a0\u00a0\u00a0\u00a0 \u201eErbarm dich, Herr\u201c f\u00fcr gem. Chor; <a href=\"http:\/\/www.sonderegger-helmut.at\/wp-content\/uploads\/2013\/06\/Erbarm-dich-Herr-sp.pdf\">Partitur als pdf<\/a><\/li>\n<li>2003\u00a0 \u00a0\u00a0 \u201eHerr, wann ???\u201c f\u00fcr gem. Chor; <a href=\"http:\/\/www.sonderegger-helmut.at\/wp-content\/uploads\/2013\/06\/HS-Herr-wann-sp.pdf\">Partitur als pdf<\/a><\/li>\n<li>2003\u00a0 \u00a0\u00a0 \u201eAmen-Halleluja SSAATTBB und Orgel; <a href=\"http:\/\/www.sonderegger-helmut.at\/wp-content\/uploads\/2013\/06\/Amen-Halleluja-sp.pdf\">Partitur als pdf<\/a><\/li>\n<li>2004\u00a0 \u00a0\u00a0 &#8222;Salve Maria&#8220; (Text: Johannes Haas) SSAA;\u00a0 <a href=\"http:\/\/www.sonderegger-helmut.at\/wp-content\/uploads\/2013\/06\/Salve-Maria-korr-sp.pdf\">Partitur als pdf<\/a><\/li>\n<li>2004\u00a0\u00a0\u00a0\u00a0 \u201cSpiegelspiele\u201c f\u00fcr Querfl\u00f6te und Klavier;\u00a0 <a href=\"http:\/\/www.sonderegger-helmut.at\/wp-content\/uploads\/2013\/06\/Spiegelspiele-sp.pdf\">Partitur als pdf<\/a><\/li>\n<li>2005\u00a0\u00a0\u00a0\u00a0\u00a0 Triptychon \u201eAn Maria\u201c (Ges\u00e4nge der Hl. Hildegard von Bingen)<\/li>\n<li>\u00a0 \u00a0 \u00a0 \u00a0 \u00a0 \u00a0 \u00a0 \u00a0 \u00a0 \u00a0 \u00a0 Version f\u00fcr Choralschola + Saxofon-Quartett<\/li>\n<li>2010 \u00a0 \u00a0 \u00a0 \u00a0\u00a0\u00a0\u00a0\u00a0\u00a0 Version f\u00fcr Chor a cappella;\u00a0 <a href=\"http:\/\/www.sonderegger-helmut.at\/wp-content\/uploads\/2013\/06\/Triptychon-An-Maria-sp.pdf\">Partitur als pdf<\/a><\/li>\n<li>2010\u00a0\u00a0\u00a0\u00a0\u00a0\u00a0\u00a0\u00a0\u00a0\u00a0\u00a0\u00a0\u00a0 Version f\u00fcr Chor und Blockfl\u00f6tenquartett<\/li>\n<li>2006\u00a0\u00a0\u00a0\u00a0\u00a0\u00a0\u00a0 &#8222;Alleluja&#8220; \u00a0 SSAATTBB; <a href=\"http:\/\/www.sonderegger-helmut.at\/wp-content\/uploads\/2013\/06\/Alleluja-F-sp.pdf\">Partitur als pdf<\/a><\/li>\n<li>2008\u00a0\u00a0\u00a0\u00a0\u00a0\u00a0\u00a0 &#8222;Pater noster&#8220; f\u00fcr gem. Chor; <a href=\"http:\/\/www.sonderegger-helmut.at\/wp-content\/uploads\/2013\/06\/Pater-noster-SATB-sp.pdf\">Partitur als pdf<\/a><\/li>\n<li>2008\u00a0\u00a0\u00a0\u00a0\u00a0\u00a0\u00a0 Vorspiele zu drei Psalmvertonungen von J. Steinwender f\u00fcr Klarinette ;\u00a0<a href=\"http:\/\/www.sonderegger-helmut.at\/wp-content\/uploads\/2013\/06\/Zu-Dir-erheb-Klar-b-sp.pdf\">Partitur als pdf<\/a>; <a href=\"http:\/\/www.sonderegger-helmut.at\/wp-content\/uploads\/2015\/02\/Zu-dir-o-Gott.mp3\">mp3<\/a><\/li>\n<li>2010\u00a0\u00a0\u00a0\u00a0\u00a0\u00a0\u00a0 \u201eSelig seid ihr\u201c\u00a0 f\u00fcr gem. Chor; <a href=\"http:\/\/www.sonderegger-helmut.at\/wp-content\/uploads\/2013\/06\/Selig-seid-ihr-sp.pdf\">Partitur als pdf<\/a><\/li>\n<li>2011\u00a0\u00a0\u00a0\u00a0\u00a0\u00a0\u00a0 &#8222;Credo summum&#8220; f\u00fcr gem. Chor; <a href=\"http:\/\/www.sonderegger-helmut.at\/wp-content\/uploads\/2013\/06\/Credo-summum-sp.pdf\">Partitur als pdf<\/a><\/li>\n<li>2011\u00a0\u00a0\u00a0\u00a0\u00a0\u00a0\u00a0 \u201eErinnern an &#8211; Einstehen wie \u2013 CARL LAMPERT\u201c;\u00a0 <a href=\"http:\/\/www.sonderegger-helmut.at\/wp-content\/uploads\/2013\/06\/Erinnern-CL-Partitur-sp.pdf\">Partitur als pdf<\/a>; <a href=\"http:\/\/www.sonderegger-helmut.at\/wp-content\/uploads\/2015\/02\/Provikar-Feier.mp3\">Provikar Feier mp3<\/a><\/li>\n<li>2011\u00a0\u00a0\u00a0\u00a0\u00a0\u00a0\u00a0 \u201eprocessio CL\u201c; <a href=\"http:\/\/www.sonderegger-helmut.at\/wp-content\/uploads\/2013\/06\/processio-CL-Partitur-sp.pdf\">Partitur als pdf<\/a><\/li>\n<li>2012\u00a0\u00a0\u00a0\u00a0\u00a0\u00a0\u00a0 &#8222;Vater unser&#8220;\u00a0 GL 363\u00a0\u00a0 f\u00fcr gem. Chor <a href=\"http:\/\/www.sonderegger-helmut.at\/wp-content\/uploads\/2013\/06\/Erinnern-CL-Partitur-sp.pdf\">Partitur als pdf<\/a><\/li>\n<\/ul>\n<p>&nbsp;<\/p>\n<p><b>Chors\u00e4tze<\/b><\/p>\n<ul>\n<li>&#8222;O Heiland rei\u00df die Himmel auf&#8220;\u00a0 SATB; <a href=\"http:\/\/www.sonderegger-helmut.at\/wp-content\/uploads\/2013\/06\/O-Heiland-reiss-SATB-sp.pdf\">Partitur als pdf<\/a><\/li>\n<li>&#8222;O Heiland rei\u00df die Himmel auf&#8220; SSA\u00a0 <a href=\"http:\/\/www.sonderegger-helmut.at\/wp-content\/uploads\/2013\/06\/O-Heiland-reiss-SSA-sp.pdf\">Partitur als pdf<\/a><\/li>\n<li>&#8222;Christ ist erstanden&#8220;\u00a0 SATB<\/li>\n<li>&#8222;Der Fr\u00fchling&#8220; (W.Fr. Bach); <a href=\"http:\/\/www.sonderegger-helmut.at\/wp-content\/uploads\/2018\/02\/der-fr\u00fchling.pdf\">Partitur als pdf<\/a><\/li>\n<li>&#8222;Italiener-Lied&#8220; (Vorarlberger Volkslied)\u00a0 <a href=\"http:\/\/www.sonderegger-helmut.at\/wp-content\/uploads\/2013\/06\/Italiener-Lied.pdf\">Partitur als pdf<\/a>; <a href=\"http:\/\/www.sonderegger-helmut.at\/wp-content\/uploads\/2015\/02\/10-Italiener-Lied.mp3\">mp3<\/a><\/li>\n<li>&#8222;Sepp&#8217;s Rap&#8220;<\/li>\n<li>&#8222;Java Jive&#8220;<\/li>\n<li>&#8222;Es steht ein Lind in jenem Tal&#8220; TTBB;<a href=\"http:\/\/www.sonderegger-helmut.at\/wp-content\/uploads\/2013\/06\/Es-steht-ein-lind-sp.pdf\">Partitur als pdf<\/a><\/li>\n<li>Toccata sexta (J.E. Eberlin) SATB; <a href=\"http:\/\/www.sonderegger-helmut.at\/wp-content\/uploads\/2013\/06\/Eberlin-Toccata-6-sp.pdf\">Partitur als pdf<\/a><\/li>\n<li>Volkslied \u201eLuag, wia tritt min Schatz daher\u201c 2011; <a href=\"http:\/\/www.sonderegger-helmut.at\/wp-content\/uploads\/2013\/06\/Min-Schatz-sp.pdf\">Partitur als pdf;<\/a>\u00a0 <a href=\"http:\/\/www.sonderegger-helmut.at\/wp-content\/uploads\/2015\/02\/08-Min-Schatz.mp3\">mp3<\/a><\/li>\n<li>G.H. Marsal: &#8222;I fr\u00f6\u00fc me uf-o Sunntag&#8220;<\/li>\n<li>G.H.Marsal: &#8222;Hirtoliedli&#8220;<\/li>\n<\/ul>\n<p>Im Druck erschienen:<\/p>\n<p>2011 &#8222;Selig seid ihr&#8220; in &#8222;Zw\u00f6lf Kompositionen zu Ehren von Provikar Carl Lampert&#8220; Kath. Kirche Vorarlberg<\/p>\n<p>2012 Chorbuch Vorarlberg:<\/p>\n<p>\u2022 Italiener-Lied<\/p>\n<p>\u2022 Min Schatz<\/p>\n<p>\u2022 Das \u00e4sthetische Wiesel<\/p>\n<p>\u2022 Das Perlhuhn<\/p>\n<p>\u2022 O Heiland, reiss die Himmel auf ( SSA)<\/p>\n<p>\u2022 Pater noster<\/p>\n<p>\u2022 Salve Maria<\/p>\n","protected":false},"excerpt":{"rendered":"<p>Chronologische Werkliste 1978 \u00a0\u00a0 \u00a0\u201eDrei kleine St\u00fccke f\u00fcr Fl\u00f6te und Fagott\u201c 1978 \u00a0\u00a0 \u00a0\u201eFreundschaft\u201c f\u00fcr gem. Chor 1978 \u00a0\u00a0 \u00a0\u201eTrio f\u00fcr Fl\u00f6te, Klarinette und Fagott\u201c drei S\u00e4tze\u00a0 mp3 1978\u00a0\u00a0\u00a0\u00a0 &#8222;O Heiland reiss die Himmel auf&#8220; SATB; Partitur als Pdf 1979 \u00a0\u00a0 \u00a0\u201eChrist ist erstanden\u201c SATB; Partitur als Pdf 1980 \u00a0\u00a0 \u00a0\u201eNun danket alle Gott\u201c\u00a0 Psalm [&hellip;]<\/p>\n","protected":false},"author":1,"featured_media":0,"parent":9,"menu_order":0,"comment_status":"open","ping_status":"open","template":"","meta":[],"_links":{"self":[{"href":"http:\/\/www.sonderegger-helmut.at\/index.php?rest_route=\/wp\/v2\/pages\/11"}],"collection":[{"href":"http:\/\/www.sonderegger-helmut.at\/index.php?rest_route=\/wp\/v2\/pages"}],"about":[{"href":"http:\/\/www.sonderegger-helmut.at\/index.php?rest_route=\/wp\/v2\/types\/page"}],"author":[{"embeddable":true,"href":"http:\/\/www.sonderegger-helmut.at\/index.php?rest_route=\/wp\/v2\/users\/1"}],"replies":[{"embeddable":true,"href":"http:\/\/www.sonderegger-helmut.at\/index.php?rest_route=%2Fwp%2Fv2%2Fcomments&post=11"}],"version-history":[{"count":69,"href":"http:\/\/www.sonderegger-helmut.at\/index.php?rest_route=\/wp\/v2\/pages\/11\/revisions"}],"predecessor-version":[{"id":284,"href":"http:\/\/www.sonderegger-helmut.at\/index.php?rest_route=\/wp\/v2\/pages\/11\/revisions\/284"}],"up":[{"embeddable":true,"href":"http:\/\/www.sonderegger-helmut.at\/index.php?rest_route=\/wp\/v2\/pages\/9"}],"wp:attachment":[{"href":"http:\/\/www.sonderegger-helmut.at\/index.php?rest_route=%2Fwp%2Fv2%2Fmedia&parent=11"}],"curies":[{"name":"wp","href":"https:\/\/api.w.org\/{rel}","templated":true}]}}