{"id":9,"date":"2013-06-25T15:26:28","date_gmt":"2013-06-25T13:26:28","guid":{"rendered":"http:\/\/www.sonderegger-helmut.at\/?page_id=9"},"modified":"2013-06-25T17:46:34","modified_gmt":"2013-06-25T15:46:34","slug":"musik","status":"publish","type":"page","link":"http:\/\/www.sonderegger-helmut.at\/?page_id=9","title":{"rendered":"Musik"},"content":{"rendered":"<p>Hier finden Sie alle Informationen rund um meine musikalischen T\u00e4tigkeiten.<\/p>\n<p>Im Men\u00fc Musik finden Sie neben einer Werkliste auch zahlreiche Downloadm\u00f6glichkeiten sowie weitere Informationen zu<\/p>\n<p>Meine Kompositionen mit vielen Downloadm\u00f6glichkeiten finden Sie <a title=\"Kompositionen\" href=\"http:\/\/www.sonderegger-helmut.at\/?page_id=11\">hier<\/a>.<\/p>\n<p>&nbsp;<\/p>\n","protected":false},"excerpt":{"rendered":"<p>Hier finden Sie alle Informationen rund um meine musikalischen T\u00e4tigkeiten. Im Men\u00fc Musik finden Sie neben einer Werkliste auch zahlreiche Downloadm\u00f6glichkeiten sowie weitere Informationen zu Meine Kompositionen mit vielen Downloadm\u00f6glichkeiten finden Sie hier. &nbsp;<\/p>\n","protected":false},"author":1,"featured_media":46,"parent":0,"menu_order":0,"comment_status":"open","ping_status":"open","template":"","meta":[],"_links":{"self":[{"href":"http:\/\/www.sonderegger-helmut.at\/index.php?rest_route=\/wp\/v2\/pages\/9"}],"collection":[{"href":"http:\/\/www.sonderegger-helmut.at\/index.php?rest_route=\/wp\/v2\/pages"}],"about":[{"href":"http:\/\/www.sonderegger-helmut.at\/index.php?rest_route=\/wp\/v2\/types\/page"}],"author":[{"embeddable":true,"href":"http:\/\/www.sonderegger-helmut.at\/index.php?rest_route=\/wp\/v2\/users\/1"}],"replies":[{"embeddable":true,"href":"http:\/\/www.sonderegger-helmut.at\/index.php?rest_route=%2Fwp%2Fv2%2Fcomments&post=9"}],"version-history":[{"count":3,"href":"http:\/\/www.sonderegger-helmut.at\/index.php?rest_route=\/wp\/v2\/pages\/9\/revisions"}],"predecessor-version":[{"id":80,"href":"http:\/\/www.sonderegger-helmut.at\/index.php?rest_route=\/wp\/v2\/pages\/9\/revisions\/80"}],"wp:featuredmedia":[{"embeddable":true,"href":"http:\/\/www.sonderegger-helmut.at\/index.php?rest_route=\/wp\/v2\/media\/46"}],"wp:attachment":[{"href":"http:\/\/www.sonderegger-helmut.at\/index.php?rest_route=%2Fwp%2Fv2%2Fmedia&parent=9"}],"curies":[{"name":"wp","href":"https:\/\/api.w.org\/{rel}","templated":true}]}}